{"id":527,"date":"2021-06-06T11:26:06","date_gmt":"2021-06-06T11:26:06","guid":{"rendered":"http:\/\/arcoboats.com\/aviso-legal\/"},"modified":"2022-08-06T10:16:44","modified_gmt":"2022-08-06T08:16:44","slug":"aviso-legal","status":"publish","type":"page","link":"https:\/\/arcoboats.com\/en\/aviso-legal\/","title":{"rendered":"Legal Notice"},"content":{"rendered":"<h2>Identification and Ownership<\/h2>\n\n<p>\n\t\tIn compliance with article 10 of Law 34\/2002, of July 11, on Services of the Information Society and Electronic Commerce, the Holder presents his identification data:\n<\/p>\n\n<p>\n\t<ul>\t\t\n\t\t<li>\n\t\t\t<b>Headline:<\/b>&nbsp;\t\t\n\t\t\tMARIO FIORE RAFFAELE.\n\t\t\t\n\t\t<\/li>\n\t\t\n\t\t<li>\n\t\t\t<b>NIF:<\/b>&nbsp;X9222179F\n\t\t\t\n\t\t<\/li>\n\n\n\t\t<li>\n\t\t\t<b>Address:<\/b>&nbsp;\n\t\t\t Germany street n.1 albatros II building floor 2N. 29630 Benalmadena, Malaga - Spain.\n\t\t<\/li>\n\t\t\n\t\t<li>\n\t\t\t<b>Email:<\/b>&nbsp;\n\t\t\tinfo@arcoboats.com\n\t\t<\/li>\n\t\t\n\t\t<li>\n\t\t\t<b>Telephone contact:<\/b>&nbsp;\n\t\t\t+34 640662559\n\t\t<\/li>\n\n\t\t<li>\n\t\t\t<b>Website:<\/b>&nbsp;\n\t\t\t<a href=\"https:\/\/arcoboats.com\/en\/\">http:\/\/arcoboats.com<\/a>\n\t\t<\/li>\n\t<\/ul>\n<\/p>\n\n<h2>Purpose<\/h2>\n<p>\n\tThe purpose of the Website is: Boat rental and repair.\t\n<\/p>\n\n\n<h2>Terms of use<\/h2>\n<p>\n\tThe use of the Website grants you the condition of User, and implies the complete acceptance of all the clauses and conditions of use included in the pages:\n\t<ul>\t\t\n\t\t<li><a href=\"https:\/\/arcoboats.com\/en\/aviso-legal\/\">Legal Notice<\/a><\/li>\n\t\t\n\t\t<li><a href=\"https:\/\/arcoboats.com\/en\/politica-de-cookies\/\">Cookies Policy<\/a><\/li>\n\t<\/ul>\t\n<\/p>\n\n<p>\n\tIf you are not satisfied with each and every one of these clauses and conditions, refrain from using the Website.\n<\/p>\n\n<p>\t\n\tAccess to the Website does not imply, in any way, the beginning of a commercial relationship with the Owner.\n<\/p>\n\n<p>\t\n\tThrough the Website, the Owner facilitates the access and use of various content that the Owner and \/ or his collaborators have published through the Internet.\n<\/p>\n\n<p>\n\tFor this purpose, you are obliged and committed NOT to use any of the contents of the Website for illegal purposes or effects, prohibited in this Legal Notice or by current legislation, harmful to the rights and interests of third parties, or that in any way may damage, disable, overload, deteriorate or prevent the normal use of content, computer equipment or documents, files and all kinds of content stored on any computer equipment owned or contracted by the Owner, other users or any Internet user .\n<\/p>\n\n\n\n\n\n\n<h2>Security measures<\/h2>\n<p>\n\tThe personal data that you provide to the Owner may be stored in automated databases or not, whose ownership corresponds exclusively to the Owner, who assumes all technical, organizational and security measures that guarantee the confidentiality, integrity and quality of the information. contained therein in accordance with the provisions of current regulations on data protection.\n<\/p>\n<p>\n\tHowever, you must be aware that the security measures of computer systems on the Internet are not entirely reliable and that, therefore, the Owner cannot guarantee the absence of viruses or other elements that may cause alterations in computer systems (software and hardware) of the User or in their electronic documents and files contained therein, although the Owner puts all the necessary means and takes the appropriate security measures to avoid the presence of these harmful elements.\n<\/p>\n\n\n\n<h2>Contents<\/h2>\n<p>\n\tThe Owner has obtained the information, multimedia content and materials included in the Website from sources that it considers reliable, but, although it has taken all reasonable measures to ensure that the information contained is correct, the Owner does not guarantee that it is accurate. , complete or updated. The Owner expressly declines any responsibility for errors or omissions in the information contained in the pages of the Website.\n<\/p>\n\n<p>\n\tIt is prohibited to transmit or send through the Website any illegal or illicit content, computer viruses, or messages that, in general, affect or violate the rights of the Owner or third parties.\n<\/p>\n\n<p>\n\tThe contents of the Website are for informational purposes only and under no circumstances should they be used or considered as a sale offer, a request for a purchase offer or a recommendation to carry out any other operation, unless expressly indicated.\n<\/p>\n\n<p>\n\tThe Owner reserves the right to modify, suspend, cancel or restrict the content of the Website, the links or the information obtained through the Website, without the need for prior notice.\n<\/p>\n\n<p>\n\tThe Owner is not responsible for any damages that may arise from the use of the information on the Website or that contained in the Owner&#039;s social networks.\n<\/p>\n\n\n<h2>Cookies policy<\/h2>\n<p>\n\tYou can consult all the information related to the policy of collection and treatment of cookies on the page of  <a href=\"https:\/\/arcoboats.com\/en\/politica-de-cookies\/\">Cookies Policy<\/a>.\n<\/p>\n\n\n<h2>Links to other websites<\/h2>\n<p>\n\tThe Owner may provide you with access to third-party websites through links with the sole purpose of informing about the existence of other sources of information on the Internet in which you can expand the data offered on the Website.\n<\/p>\n\n<p>\t\n\tThese links to other websites do not suppose in any case a suggestion or recommendation for you to visit the destination web pages, which are beyond the control of the Owner, so the Owner is not responsible for the content of the linked websites or for the result you get by following the links. Likewise, the Owner is not responsible for the links located on the linked websites to which it provides access.\n<\/p>\n\n<p>\n\tThe establishment of the link does not imply in any case the existence of relations between the Owner and the owner of the site where the link is established, nor the acceptance or approval by the Owner of its contents or services.\n<\/p>\n\n<p>\t\n\tIf you access an external website from a link found on the Website, you should read the privacy policy of the other website, which may be different from that of this website.\n<\/p>\n\n\n\n<h2>Intellectual and industrial property<\/h2>\n<p>\n\tAll rights reserved.\n<\/p>\n<p>\n\tAll access to this Website is subject to the following conditions: the reproduction, permanent storage and dissemination of the contents or any other use that has a public or commercial purpose is expressly prohibited without the express prior written consent of the Owner.\n<\/p>\n\n\n<h2>Limitation of liability<\/h2>\n<p>\n\tThe information and services included or available through the Website may include inaccuracies or typographical errors. The Owner periodically incorporates improvements and\/or changes to the information contained and\/or the Services that it may introduce at any time.\n<\/p>\n<p>\n\tThe Owner does not represent or guarantee that the services or contents will be interrupted or free of errors, that defects will be corrected, or that the service or the server that makes it available are free of viruses or other harmful components, without prejudice to the fact that The Owner makes every effort to avoid this type of incident.\n<\/p>\n<p>\n\tThe Owner declines any responsibility in the event of interruptions or a malfunction of the Services or content offered on the Internet, whatever their cause. Likewise, the Owner is not responsible for network outages, business losses as a result of said drops, temporary power outages or any other type of indirect damage that may be caused to you by causes beyond the control of the Owner.\n<\/p>\n<p>\n\tBefore making decisions and \/ or actions based on the information included on the Website, the Owner recommends checking and contrasting the information received with other sources.\n<\/p>\n\n\n\n<h2>Jurisdiction<\/h2>\n<p>\t\n\tThis Legal Notice is fully governed by Spanish law.\n<\/p>\n\n\n<h2>Contact<\/h2>\n<p>\t\n\tIn case you have any questions about this Legal Notice or want to make any comment about the Website, you can send an email to the address: info@arcoboats.com\n<\/p>","protected":false},"excerpt":{"rendered":"<p>Identificaci\u00f3n y Titularidad En cumplimiento del art\u00edculo 10 de la Ley 34\/2002, de 11 de julio, de Servicios de la Sociedad de la Informaci\u00f3n y Comercio Electr\u00f3nico, el Titular expone sus datos identificativos: Titular:&nbsp; MARIO FIORE RAFFAELE. NIF:&nbsp;X9222179F Domicilio:&nbsp; Calle Alemania n.1 edificio albatros II piso 2N. 29630 Benalm\u00e1dena, M\u00e1laga &#8211; Espa\u00f1a. Correo electr\u00f3nico:&nbsp; info@arcoboats.com [&hellip;]<\/p>\n","protected":false},"author":1,"featured_media":0,"parent":0,"menu_order":0,"comment_status":"closed","ping_status":"closed","template":"","meta":{"footnotes":""},"class_list":["post-527","page","type-page","status-publish","hentry"],"_links":{"self":[{"href":"https:\/\/arcoboats.com\/en\/wp-json\/wp\/v2\/pages\/527","targetHints":{"allow":["GET"]}}],"collection":[{"href":"https:\/\/arcoboats.com\/en\/wp-json\/wp\/v2\/pages"}],"about":[{"href":"https:\/\/arcoboats.com\/en\/wp-json\/wp\/v2\/types\/page"}],"author":[{"embeddable":true,"href":"https:\/\/arcoboats.com\/en\/wp-json\/wp\/v2\/users\/1"}],"replies":[{"embeddable":true,"href":"https:\/\/arcoboats.com\/en\/wp-json\/wp\/v2\/comments?post=527"}],"version-history":[{"count":2,"href":"https:\/\/arcoboats.com\/en\/wp-json\/wp\/v2\/pages\/527\/revisions"}],"predecessor-version":[{"id":794,"href":"https:\/\/arcoboats.com\/en\/wp-json\/wp\/v2\/pages\/527\/revisions\/794"}],"wp:attachment":[{"href":"https:\/\/arcoboats.com\/en\/wp-json\/wp\/v2\/media?parent=527"}],"curies":[{"name":"wp","href":"https:\/\/api.w.org\/{rel}","templated":true}]}}