{"id":529,"date":"2021-06-06T11:26:06","date_gmt":"2021-06-06T11:26:06","guid":{"rendered":"http:\/\/arcoboats.com\/politica-de-cookies\/"},"modified":"2021-06-06T11:26:06","modified_gmt":"2021-06-06T11:26:06","slug":"politica-de-cookies","status":"publish","type":"page","link":"https:\/\/arcoboats.com\/en\/politica-de-cookies\/","title":{"rendered":"Cookies Policy"},"content":{"rendered":"<h2>What are cookies?<\/h2>\n\n<p>\n\tIn English, the term &quot;cookie&quot; means cookie, but in the field of web browsing, a &quot;cookie&quot; is something completely different. When you access our Website, a small amount of text called a &quot;cookie&quot; is stored in your device&#039;s browser. This text contains various information about your browsing, habits, preferences, content customizations, etc...\n<\/p>\n\n<p>\n\tThere are other technologies that work in a similar way and are also used to collect data about your browsing activity. We will call all these technologies collectively &quot;cookies&quot;.\n<\/p>\n\n<p>\n\tThe specific uses we make of these technologies are described in this document.\n<\/p>\n\n<h2>What are cookies used for on this website?<\/h2>\n\n<p>\n\tCookies are an essential part of how the Website works. The main purpose of our cookies is to improve your browsing experience. For example, to remember your preferences (language, country, etc.) during browsing and on future visits. The information collected in cookies also allows us to improve the website, adapt it to your interests as a user, speed up your searches, etc.\n<\/p>\n\n<p>\n\tIn certain cases, if we have obtained your prior informed consent, we may use cookies for other uses, such as to obtain information that allows us to show you advertising based on the analysis of your browsing habits.\n<\/p>\n\n<h2>What are cookies NOT used for on this website?<\/h2>\n\n<p>\n\tIn the cookies we use, sensitive personal identification information such as your name, address, your password, etc. is not stored.\n<\/p>\n\n<h2>Who uses the information stored in cookies?<\/h2>\n\n<p>\n\tThe information stored in the cookies on our Website is used exclusively by us, with the exception of those identified below as &quot;third-party cookies&quot;, which are used and managed by external entities that provide us with services that improve the user experience. For example, the statistics collected on the number of visits, the most liked content, etc. are usually managed by Google Analytics.\n<\/p>\n\n<p>\n\tThird-party cookies are also often used to guarantee payment transactions made through the Website.\n<\/p>\n\n<h2>How can you avoid the use of cookies on this Website?<\/h2>\n\n<p>\n\tIf you prefer to avoid the use of cookies, you can REJECT their use or you can CONFIGURE the ones you want to avoid and the ones you allow to use (in this document we give you expanded information regarding each type of cookie, its purpose, recipient, temporality, etc. .. ).\n<\/p>\n\n<p>\n\tIf you have accepted them, we will not ask you again unless you delete the cookies on your device as indicated in the next section. If you want to revoke the consent you will have to delete the cookies and configure them again.\n<\/p>\n\n\n<h2>How do I disable and eliminate the use of cookies?<\/h2>\n\n<p>\nThe Owner displays information about its Cookies Policy in the cookie banner accessible on all pages of the Website. The cookie banner shows essential information about data processing and allows the User to carry out the following actions:\n<\/p>\n<p>\n<ul>\n  <li>ACCEPT or REJECT the installation of cookies, or withdraw the consent previously granted.<\/li>\n  <li>Change cookie preferences from the Customize Cookies page, which can be accessed from the Cookie Notice or from the <a href=\"https:\/\/arcoboats.com\/en\/personalizar-cookies\/\">Customize Cookies<\/a>.<\/li>\n  \n  <li>Get additional information on the page  <a href=\"https:\/\/arcoboats.com\/en\/politica-de-cookies\/\">Cookies Policy<\/a>.<\/li>\n<\/ul>\n<\/p>\n\n<p>\n\tYou can restrict, block or delete cookies on this Website (and those used by third parties) at any time by modifying your browser settings. Please note that this setting is different in each browser.\n<\/p>\n\n<p> \n  In the following links you will find instructions to enable or disable cookies in the most common browsers.\n<\/p>\n\n<p>\n  <ul>\n    <li><a rel=\"nofollow\" target=\"_blank\" href=\"http:\/\/support.mozilla.org\/es\/kb\/habilitar-y-deshabilitar-cookies-que-los-sitios-we\">Firefox<\/a><\/li>\n    <li><a target=\"_blank\" rel=\"noopener noreferrer nofollow\" href=\"https:\/\/support.google.com\/chrome\/answer\/95647?hl=es\">Google Chrome<\/a><\/li>\n    <li><a target=\"_blank\" rel=\"noopener noreferrer nofollow\" href='https:\/\/support.microsoft.com\/es-es\/help\/17442\/windows-internet-explorer-delete-manage-cookies#ie=\"ie-10'>Internet explorer<\/a><\/li>\n    <li><a target=\"_blank\" rel=\"noopener noreferrer nofollow\" href='https:\/\/support.microsoft.com\/es-es\/help\/4468242\/microsoft-edge-browsing-data-and-privacy'>Microsoft Edge<\/a><\/li>\n    <li><a rel=\"nofollow\" target=\"_blank\" href=\"http:\/\/support.apple.com\/kb\/HT1677?viewlocale=es_ES\">Safari<\/a><\/li>\n  <\/ul>\n<\/p>\n\n\n<h2>What types of cookies are used on this website?<\/h2>\n\n<p>\n\tEach web page uses its own cookies. On our website we use the following:\n<\/p>\n\n<p>\n\t<b>ACCORDING TO THE ENTITY THAT MANAGES IT<\/b>\n<\/p>\n\n<p>\n\t<b>Own cookies:<\/b>\n<\/p>\n\n<p>\n\tThey are those that are sent to the User&#039;s terminal equipment from a computer or domain managed by the publisher itself and from which the service requested by the User is provided.\n<\/p>\n\n<p>\n\t<b>Third-party cookies:<\/b>\n<\/p>\n\n<p>\n\tThey are those that are sent to the User&#039;s terminal equipment from a computer or domain that is not managed by the editor, but by another entity that processes the data obtained through cookies.\n<\/p>\n\n<p>\n\tIn the event that cookies are served from a computer or domain managed by the editor itself, but the information collected through them is managed by a third party, they cannot be considered as own cookies if the third party uses them for their own purposes. (for example, the improvement of the services it provides or the provision of advertising services in favor of other entities).\n<\/p>\n\n<p>\n\t<b>ACCORDING TO ITS PURPOSE<\/b>\n<\/p>\n\n<p>\n\t<b>Technical cookies:<\/b>\n<\/p>\n\n<p>\n\tThey are those necessary for navigation and the proper functioning of our Website, such as, for example, controlling traffic and data communication, identifying the session, accessing parts of restricted access, remembering the elements that make up an order, carrying out the process purchase of an order, manage payment, control fraud linked to the security of the service, apply for registration or participation in an event, count visits for the purposes of billing software licenses with which the Site service works Web, use security elements while browsing, store content for the broadcast of videos or sound, enable dynamic content (for example, animation of loading a text or image) or share content through social networks.\n<\/p>\n\n<p>\n\t<b>Analysis cookies:<\/b>\n<\/p>\n\n<p>\n\tThey allow quantifying the number of users and thus carry out the measurement and statistical analysis of the use made by users of the Website. To do this, your browsing on our Website is analyzed in order to improve the offer of products or services that we offer you.\n<\/p>\n\n<p>\n\t<b>Cookies of preferences or personalization:<\/b>\n<\/p>\n\n<p>\n\tThey are those that allow information to be remembered for the User to access the service with certain characteristics that can differentiate their experience from that of other users, such as, for example, the language, the number of results to be displayed when the User performs a search, the appearance or content of the service depending on the type of browser through which the User accesses the service or the region from which the user accesses the service, etc.\n<\/p>\n\n\n\n<p>\n\t<b>ACCORDING TO THE PERIOD OF TIME THEY REMAIN ACTIVATED<\/b>\n<\/p>\n\n<p>\n\t<b>Session cookies:<\/b>\n<\/p>\n\n<p>\n\tThey are those designed to collect and store data while the User accesses a web page.\n<\/p>\n\n<p>\n\tThey are usually used to store information that is only interesting to keep for the provision of the service requested by the User on a single occasion (for example, a list of products purchased) and disappear at the end of the session.\n<\/p>\n\n<p>\n\t<b>Persistent cookies:<\/b>\n<\/p>\n\n<p>\n\tThey are those in which the data is still stored in the terminal and can be accessed and processed during a period defined by the person responsible for the cookie, which can range from a few minutes to several years. In this regard, it should be specifically assessed whether the use of persistent cookies is necessary, since the risks to privacy could be reduced by using session cookies. In any case, when persistent cookies are installed, it is recommended to reduce their temporary duration to the minimum necessary, taking into account the purpose of their use. For these purposes, Opinion 4\/2012 of GT29 indicated that for a cookie to be exempt from the duty of informed consent, its expiration must be related to its purpose. Because of this, session cookies are much more likely to be considered excepted than persistent ones.\n<\/p>\n\n\n<p>\n\t<b>Details of cookies used on this website:<\/b>\n<\/p>\n\n<div>\n  bookly_cal_service_ids<br \/>\r\nbookly_cal_st_ids<br \/>\r\nbookly_cal_view<br \/>\r\nbookly-cst-first-name<br \/>\r\nbookly-cst-phone<br \/>\r\nbookly-cst-info-fields<br \/>\r\nbookly-cst-full-name<br \/>\r\nbookly-cst-email<br \/>\r\n_ga<br \/>\r\n_gid<br \/>\r\nhasConsent<br \/>\r\nhasConsents<br \/>\r\nwordpress_test_cookie<br \/>\r\ntk_ai<br \/>\r\nwp-settings-*\n<\/div>","protected":false},"excerpt":{"rendered":"<p>\u00bfQu\u00e9 son las cookies? En ingl\u00e9s, el t\u00e9rmino &quot;cookie&quot; significa galleta, pero en el \u00e1mbito de la navegaci\u00f3n web, una &quot;cookie&quot; es algo completamente distinto. Cuando accede a nuestro Sitio Web, en el navegador de su dispositivo se almacena una peque\u00f1a cantidad de texto que se denomina &quot;cookie&quot;. Este texto contiene informaci\u00f3n variada sobre su [&hellip;]<\/p>\n","protected":false},"author":1,"featured_media":0,"parent":0,"menu_order":0,"comment_status":"closed","ping_status":"closed","template":"","meta":{"footnotes":""},"class_list":["post-529","page","type-page","status-publish","hentry"],"_links":{"self":[{"href":"https:\/\/arcoboats.com\/en\/wp-json\/wp\/v2\/pages\/529","targetHints":{"allow":["GET"]}}],"collection":[{"href":"https:\/\/arcoboats.com\/en\/wp-json\/wp\/v2\/pages"}],"about":[{"href":"https:\/\/arcoboats.com\/en\/wp-json\/wp\/v2\/types\/page"}],"author":[{"embeddable":true,"href":"https:\/\/arcoboats.com\/en\/wp-json\/wp\/v2\/users\/1"}],"replies":[{"embeddable":true,"href":"https:\/\/arcoboats.com\/en\/wp-json\/wp\/v2\/comments?post=529"}],"version-history":[{"count":0,"href":"https:\/\/arcoboats.com\/en\/wp-json\/wp\/v2\/pages\/529\/revisions"}],"wp:attachment":[{"href":"https:\/\/arcoboats.com\/en\/wp-json\/wp\/v2\/media?parent=529"}],"curies":[{"name":"wp","href":"https:\/\/api.w.org\/{rel}","templated":true}]}}